{"id":25,"date":"2018-12-20T09:36:07","date_gmt":"2018-12-20T08:36:07","guid":{"rendered":"https:\/\/www.gesacon.ch\/?page_id=25"},"modified":"2023-09-13T16:59:14","modified_gmt":"2023-09-13T14:59:14","slug":"mentions-legales","status":"publish","type":"page","link":"https:\/\/www.gesacon.ch\/fr\/mentions-legales\/","title":{"rendered":"Mentions l\u00e9gales"},"content":{"rendered":"<div class=\"wpb-content-wrapper\"><p>[vc_row][vc_column width=\u00a0\u00bb1\/1&Prime;][vc_column_text uncode_shortcode_id=\u00a0\u00bb454882&Prime;]<\/p>\n<h3>Indication sur la responsabilit\u00e9:<\/h3>\n<div>\n<p><strong>GESACON GmbH<\/strong><br \/>\nHauptstrasse 18<br \/>\nCH-8274 T\u00e4gerwilen<br \/>\nSchweiz<\/p>\n<\/div>\n<p>Tel.+41 71 677 60 60<\/p>\n<p>Avertissement<\/p>\n<p>Malgr\u00e9 un contr\u00f4le soucieux du contenu, nous ne prenons aucune responsabilit\u00e9 par rapport au contenu des liens externes. Le contenu des sites mentionn\u00e9s est sous la responsabilit\u00e9 unique de l\u2019op\u00e9rateur.<\/p>\n<div><\/div>\n<div>Voir <a href=\"https:\/\/www.gesacon.ch\/protection-des-donnees\/?lang=fr\">la protection des donn\u00e9es<\/a><\/div>\n<p>[\/vc_column_text][\/vc_column][\/vc_row]<\/p>\n<\/div>","protected":false},"excerpt":{"rendered":"<p>[vc_row][vc_column width=\u00a0\u00bb1\/1&Prime;][vc_column_text uncode_shortcode_id=\u00a0\u00bb454882&Prime;] Indication sur la responsabilit\u00e9: GESACON GmbH Hauptstrasse 18 CH-8274 T\u00e4gerwilen Schweiz Tel.+41 71 677 60 60 Avertissement [&hellip;]<\/p>\n","protected":false},"author":1,"featured_media":0,"parent":0,"menu_order":-1,"comment_status":"closed","ping_status":"closed","template":"","meta":{"inline_featured_image":false,"footnotes":""},"class_list":["post-25","page","type-page","status-publish","hentry"],"yoast_head":"<title>Mentions l\u00e9gales<\/title>\n<meta name=\"robots\" content=\"noindex, nofollow\" \/>\n<meta property=\"og:locale\" content=\"fr_FR\" \/>\n<meta property=\"og:type\" content=\"article\" \/>\n<meta property=\"og:title\" content=\"Mentions l\u00e9gales\" \/>\n<meta property=\"og:description\" content=\"[vc_row][vc_column width=\u00a0\u00bb1\/1&Prime;][vc_column_text uncode_shortcode_id=\u00a0\u00bb454882&Prime;] Indication sur la responsabilit\u00e9: GESACON GmbH Hauptstrasse 18 CH-8274 T\u00e4gerwilen Schweiz Tel.+41 71 677 60 60 Avertissement [&hellip;]\" \/>\n<meta property=\"og:url\" content=\"https:\/\/www.gesacon.ch\/fr\/mentions-legales\/\" \/>\n<meta property=\"og:site_name\" content=\"GESACON\" \/>\n<meta property=\"article:modified_time\" content=\"2023-09-13T14:59:14+00:00\" \/>\n<meta property=\"og:image\" content=\"https:\/\/www.gesacon.ch\/wp-content\/uploads\/Haende.png\" \/>\n\t<meta property=\"og:image:width\" content=\"1920\" \/>\n\t<meta property=\"og:image:height\" content=\"752\" \/>\n\t<meta property=\"og:image:type\" content=\"image\/png\" \/>\n<meta name=\"twitter:card\" content=\"summary_large_image\" \/>\n<meta name=\"twitter:label1\" content=\"Dur\u00e9e de lecture estim\u00e9e\" \/>\n\t<meta name=\"twitter:data1\" content=\"1 minute\" \/>\n<script type=\"application\/ld+json\" class=\"yoast-schema-graph\">{\"@context\":\"https:\\\/\\\/schema.org\",\"@graph\":[{\"@type\":\"WebPage\",\"@id\":\"https:\\\/\\\/www.gesacon.ch\\\/fr\\\/mentions-legales\\\/\",\"url\":\"https:\\\/\\\/www.gesacon.ch\\\/fr\\\/mentions-legales\\\/\",\"name\":\"Mentions l\u00e9gales\",\"isPartOf\":{\"@id\":\"https:\\\/\\\/www.gesacon.ch\\\/#website\"},\"datePublished\":\"2018-12-20T08:36:07+00:00\",\"dateModified\":\"2023-09-13T14:59:14+00:00\",\"breadcrumb\":{\"@id\":\"https:\\\/\\\/www.gesacon.ch\\\/fr\\\/mentions-legales\\\/#breadcrumb\"},\"inLanguage\":\"fr-FR\",\"potentialAction\":[{\"@type\":\"ReadAction\",\"target\":[\"https:\\\/\\\/www.gesacon.ch\\\/fr\\\/mentions-legales\\\/\"]}]},{\"@type\":\"BreadcrumbList\",\"@id\":\"https:\\\/\\\/www.gesacon.ch\\\/fr\\\/mentions-legales\\\/#breadcrumb\",\"itemListElement\":[{\"@type\":\"ListItem\",\"position\":1,\"name\":\"Startseite\",\"item\":\"https:\\\/\\\/www.gesacon.ch\\\/fr\\\/\"},{\"@type\":\"ListItem\",\"position\":2,\"name\":\"Mentions l\u00e9gales\"}]},{\"@type\":\"WebSite\",\"@id\":\"https:\\\/\\\/www.gesacon.ch\\\/#website\",\"url\":\"https:\\\/\\\/www.gesacon.ch\\\/\",\"name\":\"GESACON\",\"description\":\"\",\"publisher\":{\"@id\":\"https:\\\/\\\/www.gesacon.ch\\\/#organization\"},\"potentialAction\":[{\"@type\":\"SearchAction\",\"target\":{\"@type\":\"EntryPoint\",\"urlTemplate\":\"https:\\\/\\\/www.gesacon.ch\\\/?s={search_term_string}\"},\"query-input\":{\"@type\":\"PropertyValueSpecification\",\"valueRequired\":true,\"valueName\":\"search_term_string\"}}],\"inLanguage\":\"fr-FR\"},{\"@type\":\"Organization\",\"@id\":\"https:\\\/\\\/www.gesacon.ch\\\/#organization\",\"name\":\"GESACON GmbH\",\"url\":\"https:\\\/\\\/www.gesacon.ch\\\/\",\"logo\":{\"@type\":\"ImageObject\",\"inLanguage\":\"fr-FR\",\"@id\":\"https:\\\/\\\/www.gesacon.ch\\\/#\\\/schema\\\/logo\\\/image\\\/\",\"url\":\"https:\\\/\\\/www.gesacon.ch\\\/wp-content\\\/uploads\\\/GESACON_Digitalisierung_Blech.svg\",\"contentUrl\":\"https:\\\/\\\/www.gesacon.ch\\\/wp-content\\\/uploads\\\/GESACON_Digitalisierung_Blech.svg\",\"width\":1,\"height\":1,\"caption\":\"GESACON GmbH\"},\"image\":{\"@id\":\"https:\\\/\\\/www.gesacon.ch\\\/#\\\/schema\\\/logo\\\/image\\\/\"}}]}<\/script>","yoast_head_json":{"title":"Mentions l\u00e9gales","robots":{"index":"noindex","follow":"nofollow"},"og_locale":"fr_FR","og_type":"article","og_title":"Mentions l\u00e9gales","og_description":"[vc_row][vc_column width=\u00a0\u00bb1\/1&Prime;][vc_column_text uncode_shortcode_id=\u00a0\u00bb454882&Prime;] Indication sur la responsabilit\u00e9: GESACON GmbH Hauptstrasse 18 CH-8274 T\u00e4gerwilen Schweiz Tel.+41 71 677 60 60 Avertissement [&hellip;]","og_url":"https:\/\/www.gesacon.ch\/fr\/mentions-legales\/","og_site_name":"GESACON","article_modified_time":"2023-09-13T14:59:14+00:00","og_image":[{"width":1920,"height":752,"url":"https:\/\/www.gesacon.ch\/wp-content\/uploads\/Haende.png","type":"image\/png"}],"twitter_card":"summary_large_image","twitter_misc":{"Dur\u00e9e de lecture estim\u00e9e":"1 minute"},"schema":{"@context":"https:\/\/schema.org","@graph":[{"@type":"WebPage","@id":"https:\/\/www.gesacon.ch\/fr\/mentions-legales\/","url":"https:\/\/www.gesacon.ch\/fr\/mentions-legales\/","name":"Mentions l\u00e9gales","isPartOf":{"@id":"https:\/\/www.gesacon.ch\/#website"},"datePublished":"2018-12-20T08:36:07+00:00","dateModified":"2023-09-13T14:59:14+00:00","breadcrumb":{"@id":"https:\/\/www.gesacon.ch\/fr\/mentions-legales\/#breadcrumb"},"inLanguage":"fr-FR","potentialAction":[{"@type":"ReadAction","target":["https:\/\/www.gesacon.ch\/fr\/mentions-legales\/"]}]},{"@type":"BreadcrumbList","@id":"https:\/\/www.gesacon.ch\/fr\/mentions-legales\/#breadcrumb","itemListElement":[{"@type":"ListItem","position":1,"name":"Startseite","item":"https:\/\/www.gesacon.ch\/fr\/"},{"@type":"ListItem","position":2,"name":"Mentions l\u00e9gales"}]},{"@type":"WebSite","@id":"https:\/\/www.gesacon.ch\/#website","url":"https:\/\/www.gesacon.ch\/","name":"GESACON","description":"","publisher":{"@id":"https:\/\/www.gesacon.ch\/#organization"},"potentialAction":[{"@type":"SearchAction","target":{"@type":"EntryPoint","urlTemplate":"https:\/\/www.gesacon.ch\/?s={search_term_string}"},"query-input":{"@type":"PropertyValueSpecification","valueRequired":true,"valueName":"search_term_string"}}],"inLanguage":"fr-FR"},{"@type":"Organization","@id":"https:\/\/www.gesacon.ch\/#organization","name":"GESACON GmbH","url":"https:\/\/www.gesacon.ch\/","logo":{"@type":"ImageObject","inLanguage":"fr-FR","@id":"https:\/\/www.gesacon.ch\/#\/schema\/logo\/image\/","url":"https:\/\/www.gesacon.ch\/wp-content\/uploads\/GESACON_Digitalisierung_Blech.svg","contentUrl":"https:\/\/www.gesacon.ch\/wp-content\/uploads\/GESACON_Digitalisierung_Blech.svg","width":1,"height":1,"caption":"GESACON GmbH"},"image":{"@id":"https:\/\/www.gesacon.ch\/#\/schema\/logo\/image\/"}}]}},"_links":{"self":[{"href":"https:\/\/www.gesacon.ch\/fr\/wp-json\/wp\/v2\/pages\/25","targetHints":{"allow":["GET"]}}],"collection":[{"href":"https:\/\/www.gesacon.ch\/fr\/wp-json\/wp\/v2\/pages"}],"about":[{"href":"https:\/\/www.gesacon.ch\/fr\/wp-json\/wp\/v2\/types\/page"}],"author":[{"embeddable":true,"href":"https:\/\/www.gesacon.ch\/fr\/wp-json\/wp\/v2\/users\/1"}],"replies":[{"embeddable":true,"href":"https:\/\/www.gesacon.ch\/fr\/wp-json\/wp\/v2\/comments?post=25"}],"version-history":[{"count":5,"href":"https:\/\/www.gesacon.ch\/fr\/wp-json\/wp\/v2\/pages\/25\/revisions"}],"predecessor-version":[{"id":74583,"href":"https:\/\/www.gesacon.ch\/fr\/wp-json\/wp\/v2\/pages\/25\/revisions\/74583"}],"wp:attachment":[{"href":"https:\/\/www.gesacon.ch\/fr\/wp-json\/wp\/v2\/media?parent=25"}],"curies":[{"name":"wp","href":"https:\/\/api.w.org\/{rel}","templated":true}]}}